{"id":515,"date":"2016-12-28T20:38:51","date_gmt":"2016-12-28T19:38:51","guid":{"rendered":"http:\/\/kuzma-kovacic.from.hr\/?page_id=515"},"modified":"2016-12-28T21:11:45","modified_gmt":"2016-12-28T20:11:45","slug":"public-sculptures","status":"publish","type":"page","link":"http:\/\/kuzma-kovacic.from.hr\/?page_id=515","title":{"rendered":"Public sculptures"},"content":{"rendered":"<p>1980<\/p>\n<p>Spring on Josipovac, 1980<br \/>\nWood, about 200 cm high<br \/>\nKrapina (sculpture symposium)<\/p>\n<p>1982<\/p>\n<p><a href=\"http:\/\/kuzma-kovacic.from.hr\/files\/2016\/12\/1_1a-1.jpg\">Sixth Act<\/a>, 1982<br \/>\n\u201cRosso di Verona\u201c stone; about 180 cm high<br \/>\nVerona, Italy (symposium)<\/p>\n<p>1986<\/p>\n<p>Bust of Archbishop Mihovil Pu\u0161i\u0107, 1986<br \/>\nBronze, about 60 cm high<br \/>\nHvar\/Hvar, Diocesan Chaplaincy<\/p>\n<p>1989<\/p>\n<p>Pope John Paul II, and Archbishop Frane Frani\u0107 (relief), 1989<br \/>\nBronze and stone, c. 90 x 50 cm<br \/>\nSplit\/Split, Co-Cathedral of St. Peter<\/p>\n<p>The Nativity, 1989<br \/>\nFirst public nativity in Split in the age of communist Yugoslavia (Church of Our Lady of the Bell-tower)<br \/>\nPainted clay (five elements), about 15 cm high<br \/>\nSplit\/Split<\/p>\n<p>1990<\/p>\n<p><a href=\"http:\/\/kuzma-kovacic.from.hr\/files\/2016\/12\/2-A.jpg\">Doors of Hvar Cathedral<\/a>, 1990<br \/>\nBronze; c. 350 x 180 cm<br \/>\nSplit (monastery on Poljud)\/Hvar (Cathedral)<\/p>\n<p><a href=\"http:\/\/kuzma-kovacic.from.hr\/files\/2016\/12\/3_1.jpg\">Petar Hektorovi\u0107<\/a>, 1990<br \/>\nBronze; 63 cm in height<br \/>\nSplit\/Hvar (Cathedral)<\/p>\n<p><a href=\"http:\/\/kuzma-kovacic.from.hr\/files\/2016\/12\/3_1.jpg\">Hanibal Luci\u0107<\/a>, 1990<br \/>\nBronze; 73 cm in height<br \/>\nSplit\/Hvar (Cathedral)<\/p>\n<p>1991<\/p>\n<p>The Nativity, 1991<br \/>\nPainted clay (6 elements), about 50 cm high<br \/>\nSplit\/Split (Cathedral)<\/p>\n<p><a href=\"http:\/\/kuzma-kovacic.from.hr\/files\/2016\/12\/3_1.jpg\">Processional Crucifix<\/a>, 1991\/1992<br \/>\nWood, about 200 cm high<br \/>\nSplit (Seminary) \/Split (Cathedral)<\/p>\n<p>1992<\/p>\n<p><a href=\"http:\/\/kuzma-kovacic.from.hr\/files\/2016\/12\/6_1.jpg\">Bust of Stjepan Radi\u0107<\/a>, 1992<br \/>\nBronze; 60 cm in height<br \/>\nSplit (seminary)\/Zagreb, Presidential Palace (Pantov\u010dak) and Modern Art Gallery<\/p>\n<p><a href=\"http:\/\/kuzma-kovacic.from.hr\/files\/2016\/12\/6_1.jpg\">Sixth Station of the Cross<\/a>, 1992<br \/>\nBleached wood and lead, c. 70 x 50 cm<br \/>\nHvar\/Dugi Rat, parish church<\/p>\n<p>1993<\/p>\n<p><a href=\"http:\/\/kuzma-kovacic.from.hr\/files\/2016\/12\/7.jpg\">Altar of Hvar Cathedral<\/a>, 1993<br \/>\nBra\u010d stone; 200 x 120 x 102 cm<br \/>\nHvar\/Hvar (Cathedral)<\/p>\n<p>1993\/1994<\/p>\n<p><a href=\"http:\/\/kuzma-kovacic.from.hr\/files\/2016\/12\/8-H.jpg\">Altar of the Croatian Homeland<\/a>, 1993\/1994<br \/>\nStone, glass, earth, fire; c. 800 x 8000 x 120 cm<br \/>\nSplit and Zagreb\/Zagreb, Medvedgrad<\/p>\n<p>Grave and bust of commander Branko Rogli\u0107, 1993\/1994<br \/>\nStone and bronze; 120 x 80 x 70 cm<br \/>\nSplit\/Split, Graveyard on Lovrinac<\/p>\n<p>1995<\/p>\n<p>Franciscan crucifix, 1995<br \/>\nBronze; c. 110 x 80 cm<br \/>\nHvar\/Split, the Church of Our Lady of Health<\/p>\n<p>Bust of Homeland War Veteran, Goran Kli\u0161ki\u0107, 1995<br \/>\nBronze, about 70 cm high<br \/>\nSplit (studio in Sinjska Street)\/<br \/>\nSplit, graveyard on Lovrinac<\/p>\n<p>1996<\/p>\n<p><a href=\"http:\/\/kuzma-kovacic.from.hr\/files\/2016\/12\/10_1.jpg\">Memorial to Pope John Paul II<\/a>, 1996<br \/>\nSelca Stone, about 250 cm high<br \/>\nHvar\/Selca (Bra\u010d), the garden of the parish church<\/p>\n<p>The Wounded Madonna, 1996<br \/>\nPainted wood and iron; c. 120 cm high<br \/>\nSplit (studio in Sinjska Street)\/<br \/>\nSplit, chapel of co-Cathedral of St. Peter<\/p>\n<p>1997<\/p>\n<p>Our Lady\u2019s Gate (two-sided: <a href=\"http:\/\/kuzma-kovacic.from.hr\/files\/2016\/12\/11-B.jpg\">Diva Grabov\u010deva<\/a> and <a href=\"http:\/\/kuzma-kovacic.from.hr\/files\/2016\/12\/11-A.jpg\">Mother of Mercy<\/a>), relief, 1997<br \/>\nBronze, glass and gold, 300 x 160 cm<br \/>\nSplit (studio in Sinjska Street)\/Rama-\u0160\u0107it, church in Franciscan monastery<\/p>\n<p><a href=\"http:\/\/kuzma-kovacic.from.hr\/files\/2016\/12\/49_1.jpg\">Cross on the grave of Diva Grabov\u010deva<\/a>, 1997<br \/>\nBronze, about 200 cm high<br \/>\nSplit (studio in Sinjska Street)\/ Rama-\u0160\u0107it (Ked\u017eara Mountain), the grave of Diva Grabov\u010deva<\/p>\n<p>Memorial to Diva Grabov\u010deva, 1997<br \/>\nBronze; 165 cm in height<br \/>\nSplit (studio in Sinjska Street)\/ Rama-\u0160\u0107it (Ked\u017eara Mountain), the grave of Diva Grabov\u010deva and the garden of the Franciscan monastery<\/p>\n<p>Doors of parish church in Ra\u0161eljke, 1997<br \/>\nBronze; c. 295 x 150 cm<br \/>\nSplit (studio in Sinjska Street)\/Ra\u0161eljke, parish church<\/p>\n<p>Grave of Mateljan family, 1997<br \/>\nStone, about 200 cm high<br \/>\nHvar\/Zostra\u017ei\u0161\u0107a (on the Island of Hvar), village graveyard<\/p>\n<p>1998<\/p>\n<p>Reliquary of Blessed Alojzije Stepinac, 1998<br \/>\nSilver, gold and jewels; c. 45 cm high<br \/>\nSplit and Zagreb\/Zagreb, Cathedral, (Dubrovnik, Cathedral)<\/p>\n<p><a href=\"http:\/\/kuzma-kovacic.from.hr\/files\/2016\/12\/13.jpg\">Bust of Viceroy Ivan Ma\u017eurani\u0107<\/a>, 1998<br \/>\nBronze, about 55 cm high<br \/>\nSplit (studio in Sinjska Street)\/Zagreb, Croatian Parliament<\/p>\n<p>Altar and pulpit in church of Convent of Sisters of St. Benedict in Hvar, 1998<br \/>\nSeget stone; height of altar 100 cm, height of pulpit 125 cm<br \/>\nHvar\/Hvar, church of Convent of Sisters of St. Benedict<\/p>\n<p>Cross on Franciscan graveyard on \u0160\u010dit in Rama, 1998<br \/>\nBronze, about 100 cm high<br \/>\nSplit (studio in Sinjska Street)\/Rama-\u0160\u0107it, Old graveyard<\/p>\n<p><a href=\"http:\/\/kuzma-kovacic.from.hr\/files\/2016\/12\/12_1.jpg\">Croatian cross for the Pope<\/a>, 1998<br \/>\nBronze, about 44 cm high<br \/>\nSplit\/Vatican<\/p>\n<p>1998\/1999<\/p>\n<p>Bust of Ljudevit Vraniczany, 1998\/1999<br \/>\nBronze; 60 cm in height<br \/>\nSplit (studio in Sinjska Street)\/Zagreb, entrance hall of Modern Art Gallery<\/p>\n<p>Ante Star\u010devi\u0107, 1998\/1999<br \/>\nPlaster (semi-figure), about 100 cm high<br \/>\nSplit (studio in Sinjska 7)\/Zagreb, Academy of Fine Art foundry?<\/p>\n<p>1999<\/p>\n<p>Font in Gospi\u0107 Cathedral, 1999<br \/>\nBra\u010d stone, about 100 cm high<br \/>\nHvar\/Gospi\u0107, Cathedral<\/p>\n<p>Bust of Viceroy Josip \u0160ok\u010devi\u0107, 1999<br \/>\nBronze, about 70 cm high<br \/>\nSplit (studio in Sinjska Street)\/Zagreb, Croatian Parliament<\/p>\n<p>Stall holder on Split Market, 1999<br \/>\nStone (wood), about 250 cm high<br \/>\nSplit\/Split, Narodni trg<\/p>\n<p>2000<\/p>\n<p><a href=\"http:\/\/kuzma-kovacic.from.hr\/files\/2016\/12\/15-E.jpg\">The Last Supper<\/a>, 2000<br \/>\nBronze; c.140 cm high, c 300cm<br \/>\nSplit (studio in Sinjska Street)\/Rama-\u0160\u0107it (BH), garden of Franciscan monastery<\/p>\n<p>Memorial plaque for Fra. Filip Lastri\u0107 (relief), 2000<br \/>\nBronze; c. 90x50cm<br \/>\nSplit (studio in Sinjska Street)\/Vare\u0161 (BH)<\/p>\n<p>2001<\/p>\n<p><a href=\"http:\/\/kuzma-kovacic.from.hr\/files\/2016\/12\/16_1.jpg\">Croatian Word<\/a>, 2001<br \/>\nBleached wood, about 160 cm high<br \/>\nSculpture Symposium, \u017dute Lokve\/Delnice<\/p>\n<p><a href=\"http:\/\/kuzma-kovacic.from.hr\/files\/2016\/12\/17_1.jpg\">Memorial to Dr. Franjo Tu\u0111man<\/a>, 2001<br \/>\nBronze, about 320 cm high<br \/>\nSplit (studio u Sinjska 7)\/\u0160kabrnja, Main square<\/p>\n<p>2002<\/p>\n<p><a href=\"http:\/\/kuzma-kovacic.from.hr\/files\/2016\/12\/17_1.jpg\">The History of the Town of Omi\u0161<\/a>, 2002<br \/>\nBra\u010d stone, about 200 cm high<br \/>\nOmi\u0161\/Omi\u0161, peninsula<\/p>\n<p><a href=\"http:\/\/kuzma-kovacic.from.hr\/files\/2016\/12\/17_1.jpg\">Door of chapel of lighthouse on the Island of Klije\u0161tac off Klek<\/a>, 2002<br \/>\nBronze (relief ); c. 200 x 100 cm<br \/>\nSplit (studio in Sinjska Street 7)\/Klek, Klije\u0161tac<\/p>\n<p>Bust of Ena Begovi\u0107, 2002<br \/>\nBronze, about 60 cm high<br \/>\nSplit (studio in Sinjska Street 7)\/Zagreb, Croatian National Theatre<\/p>\n<p>2002\/2003<\/p>\n<p>Altar and pulpit of Shrine to Mary in Sinj, 2002\/2003<br \/>\nBra\u010d stone; altar 200 x 80 x 100 cm, pulpit 45 x 55 x 125 cm<br \/>\nSolin\/Sinj, Shrine to Mary<\/p>\n<p>Altar and pulpit of parish church in Runovi\u0107i, 2002\/2003<br \/>\nMarble; altar c. 140 x 80 x 100 cm, pulpit c. 40 x 50 x 125 cm<br \/>\nHvar\/Runovi\u0107i, parish church<\/p>\n<p><a href=\"http:\/\/kuzma-kovacic.from.hr\/files\/2016\/12\/21-B.jpg\">Memorial to Croatian Freedom in \u010capljina<\/a>, 2002\/2003<br \/>\nStone, mosaic, water and light; about c. 800 cm high<br \/>\n\u010capljina\/\u010capljina, Trg hrvatske slobode<\/p>\n<p><a href=\"http:\/\/kuzma-kovacic.from.hr\/files\/2016\/12\/22_1.jpg\">Altar<\/a>, pulpit and tabernacle of parish Church of Mother of Mercy, on \u017dnjan in Split, 2003<br \/>\nStone (altar and pulpit), silver (tabernacle); altar: c. 200 x 90 x 100 cm,<br \/>\npulpit: 50 x 60 x 125 cm, tabernacle 70 x 90 cm?<br \/>\nGornji Humac (Bra\u010d)\/Split, \u017dnjan, parish Church of Mother of Mercy<\/p>\n<p>Bust of Bishop of Hvar, Celestin Bezmalinovi\u0107, 2003<br \/>\nBronze, about 60 cm high<br \/>\nSplit (studio u Sinjska 7)\/Postira, owned my Mons. J. \u0160anti\u0107<\/p>\n<p>Portrait of Boris Papandopulo, 2003<br \/>\nBronze, about 50 cm high<br \/>\nSplit\/Osor and Zagreb (CNT)<\/p>\n<p>Memorial to Pope John Paul II, 2003<br \/>\nBronze; c. 250 cm high<br \/>\nSplit (studio in Sinjska Street)\/Zagreb, garden of Military Chaplaincy<\/p>\n<p>2004<\/p>\n<p>Our Lady of the Sea, 2004<br \/>\nBronze, about 90 cm high<br \/>\nSplit (studio in Sinjska 7)\/Melbourne (Australia), the Croatian Church of St. Leopold Bogdan Mandi\u0107<\/p>\n<p><a href=\"http:\/\/kuzma-kovacic.from.hr\/files\/2016\/12\/25_1.jpg\">Altar and altar relief \u201cThe Great Madonna\u201d<\/a>, Military Chaplaincy, Zagreb, 2004<br \/>\nBronze and stone; altar: c. 140 x 80 x 100 cm, relief: c. 200 x 150 cm<br \/>\nSplit (studio in Sinjska Street 7)\/Zagreb, Chapel of Military Chaplaincy<\/p>\n<p>Pulpit, tabernacle and stoups of Military Chaplaincy in Zagreb, 2004<br \/>\nBronze, pulpit: 55 x 45 x 125 cm, tabernacle 45 cm, stoups 30 x 20 x 30 cm<br \/>\nSplit (?Radovan)\/Zagreb, Military Chaplaincy Chapel<\/p>\n<p><a href=\"http:\/\/kuzma-kovacic.from.hr\/files\/2016\/12\/26_1.jpg\">Memorial to Croatian Homeland War Veteran in Makarska<\/a>, 2004<br \/>\nBra\u010d stone and bronze; 400 x 400 x 400 cm<br \/>\nSplit (?Radovan)\/Makarska, Osejava Park<\/p>\n<p><a href=\"http:\/\/kuzma-kovacic.from.hr\/files\/2016\/12\/27_1.jpg\">Memorial to Antun pl. Mihanovi\u0107<\/a>, 2004<br \/>\nBronze; 220 cm in height<br \/>\nSplit (studio in Sinjska 7)\/ Gata, above Omi\u0161 (disappeared in 2006)<\/p>\n<p>Easter candlestick in the Chapel of the Military Chaplaincy in Zagreb, 2004<br \/>\nBronze, about 120 cm high<br \/>\nSplit (studio in Sinjska Street 7)\/Zagreb, Chapel of Military Chaplaincy<\/p>\n<p>2005<\/p>\n<p><a href=\"http:\/\/kuzma-kovacic.from.hr\/files\/2016\/12\/29_1.jpg\">Relief of Eternal Celebration<\/a>, 2005<br \/>\nCeramic plaster, glass, plaster and paint, 1000 x 450 cm<br \/>\nZagreb\/Zagreb, shrine of \u201eSveta Mati Slobode\u201c (Holy Mother of Freedom)<\/p>\n<p><a href=\"http:\/\/kuzma-kovacic.from.hr\/files\/2016\/12\/28_1.jpg\">Memorial to fra Pavao Vu\u010dkovi\u0107<\/a>, 2005<br \/>\nBronze, about 270 cm high<br \/>\nZagreb (Ujevi\u0107 Foundry)\/Sinj<\/p>\n<p>Memorial to the procession of the Crucifix, 2005<br \/>\nBronze and glass, about 350 cm high<br \/>\nSplit (Workshop Radovan)\/not yet erected<\/p>\n<p>2006<\/p>\n<p><a href=\"http:\/\/kuzma-kovacic.from.hr\/files\/2016\/12\/28_1.jpg\">Memorial to Blessed Alojzije Stepinac<\/a>, 2006<br \/>\nBronze, about 250 cm high<br \/>\nZagreb (Ujevi\u0107 Foundry)\/ Zagreb, garden of Military Chaplaincy<\/p>\n<p>Memorial to Cardinal Franjo Kuhari\u0107, 2006<br \/>\nBronze, about 230 cm high<br \/>\nZagreb (Ujevi\u0107 Foundry)\/ Zagreb, garden of Military Chaplaincy<\/p>\n<p>Memorial to Dra\u017een Petrovi\u0107, 2006<br \/>\nBronze, about 400 cm high<br \/>\nZagreb (Ujevi\u0107 Foundry)\/ Zagreb, in front of Cibona sports hall<\/p>\n<p>Memorial to Dr. Franjo Tu\u0111man, 2006<br \/>\nBronze, about 340 cm high<br \/>\nSplit (studio in Sinjska Street 7)\/Slavonski Brod<\/p>\n<p>The Risen Christ, 2006<br \/>\nBronze, about 120 cm high<br \/>\nSplit (Academy of Art) Klobuk and \u010capljina (village graveyard), \u0160iroki Brijeg (Gallery of Franciscan monastery)<\/p>\n<p>Memorial plaque with portrait of Cardinal Franjo \u0160eper (relief), 2006<br \/>\nBronze; c. 100 x 50 cm<br \/>\nSplit (studio in Sinjska 7)\/Po\u017eega, church in Stra\u017ee&#8230;.?<\/p>\n<p>2007<\/p>\n<p><a href=\"http:\/\/kuzma-kovacic.from.hr\/files\/2016\/12\/IMG_5600.jpg\">Altar<\/a> and <a href=\"http:\/\/kuzma-kovacic.from.hr\/files\/2016\/12\/IMG_5771.jpg\">pulpit of the chapel at Bleiburg<\/a>, 2007<br \/>\nStone from Herzegovina and onyx; altar c. 100 x 80 x 200 cm, pulpit c. 125 x 60 x 50 cm<br \/>\nZagreb (Barbari\u0107?)\/Bleiburg (Austria), chapel<\/p>\n<p>Bust of Nobel prize winner Vladimir Prelog, 2007<br \/>\nBronze, about 60 cm high<br \/>\nSplit (Academy of Art)\/Zagreb, Pliva building<\/p>\n<p>Reliefs for altar and pulpit, processional and tabernacle of Po\u017eega Cathedral, 2007<br \/>\nSilver and bronze, processional about 200 cm high, &#8230;?<br \/>\nHvar\/Po\u017eega, Cathedral<\/p>\n<p>Hlapi\u0107 the Apprentice, 2007\/2008<br \/>\nPlaster, about 160 cm high<br \/>\nSplit (Academy of Art)\/for Slavonski Brod<\/p>\n<p>2008<\/p>\n<p>Fisherman Palunko and his wife, 2008.<br \/>\nPlaster, about 400 cm high<br \/>\nSolin (studio in Ku\u010dine)\/for Slavonski Brod<\/p>\n<p>Easter Candlestick, for Po\u017eega Cathedral, 2008<br \/>\nBronze, about 150 cm high<br \/>\nSplit (Academy of Art)\/Po\u017eega, Cathedral<\/p>\n<p>Altar candlesticks, for Po\u017eega Cathedral, 2008<br \/>\n(6 large, 6 small, 2 medium)<br \/>\nBronze; 50 and 17 cm)<br \/>\nSplit (Academy of Art)\/Po\u017eega, Cathedral<\/p>\n<p><a href=\"http:\/\/kuzma-kovacic.from.hr\/files\/2016\/12\/36_1.jpg\">Memorial to Gojko \u0160u\u0161ak<\/a>, 2008<br \/>\nBronze, about 240 cm high<br \/>\nSplit (Franciscan monastery on Poljud)\/\u0160iroki Brijeg (BH)<\/p>\n<p>Font of parish church of Mother of Mercy on \u017dnjan in Split, 2008<br \/>\nStone, about 80 x 80 x 90 cm<br \/>\nHvar\/Split, \u017dnjan, parish church Our Lady of Mercy<\/p>\n<p>2009<\/p>\n<p><a href=\"http:\/\/kuzma-kovacic.from.hr\/files\/2016\/12\/38.jpg\">St. Christopher<\/a>, 2009<br \/>\nBronze, about 185 cm high<br \/>\nSolin (studio in Ku\u010dine)\/Rab, beside the old Cathedral<\/p>\n<p>Stations of the Cross (14 stations, that is 13 reliefs, and one full plastic), 2009<br \/>\nBronze reliefs: c. 100 x 70 x 200 cm; full plastic: c. 150 cm<br \/>\nSplit (Academy of Art)\/Rama-\u0160\u0107it, park of Franciscan monastery (BH)<\/p>\n<p>Bust of Boris Dvornik, 2009<br \/>\nBronze; 55 cm in height<br \/>\nHvar\/Split, CNT<\/p>\n<p><a href=\"http:\/\/kuzma-kovacic.from.hr\/files\/2016\/12\/41_1.jpg\">Bust of Ton\u010di Petrasov Marovi\u0107<\/a>, 2009<br \/>\nBronze, about 90 cm high<br \/>\nSolin (studio in Ku\u010dine)\/Mravince (Solin)<\/p>\n<p>St. Anthony, 2009<br \/>\nBronze, about 200 cm high<br \/>\nSolin (studio in Ku\u010dine)\/Rama, Gra\u010dac (in front of the parish church)<\/p>\n<p>Bust of Cardinal Franjo Kuhari\u0107, 2009<br \/>\nPlaster, about 70 cm high<br \/>\nSplit (Academy of Art)\/Split,<\/p>\n<p>4th Station of the Stations of the Cross, Jesus meets his Holy Mother, 2009<br \/>\nBronze, about 200 x 100 x 180 cm<br \/>\nSolin (studio in Ku\u010dine)\/Sinj, Fortress<\/p>\n<p>2010<\/p>\n<p><a href=\"http:\/\/kuzma-kovacic.from.hr\/files\/2016\/12\/K.Kovacic-Merz-11.jpg\">Memorial to Blessed Ivan Merz<\/a>, 2010.<br \/>\nBronze; c. 200 x 210 x 120<br \/>\nSolin (studio in Ku\u010dine)\/Split<\/p>\n<p>2011<\/p>\n<p><a href=\"http:\/\/kuzma-kovacic.from.hr\/files\/2016\/12\/44_1.jpg\">1st Station of Stations of the Cross<\/a>, Jesus is Condemned to Death, 2010<br \/>\nBronze; c. 170 x 120 cm<br \/>\nSolin (studio in Ku\u010dine)\/Opuzen<\/p>\n<p>6th and <a href=\"http:\/\/kuzma-kovacic.from.hr\/files\/2016\/12\/MG_9737.jpg\">10th<\/a> and <a href=\"http:\/\/kuzma-kovacic.from.hr\/files\/2016\/12\/MG_9734.jpg\">12th<\/a> Stations of the Cross on Sr\u0111 above Dubrovnik, 2011<br \/>\nBronze (relief ); c. 140 x 120 cm<br \/>\nSolin (studio in Ku\u010dine)\/Split<\/p>\n<p><a href=\"http:\/\/kuzma-kovacic.from.hr\/files\/2016\/12\/DSC_8465.jpg\">Jesse\u2019s Column<\/a>, 2011<br \/>\nBra\u010d stone 200 cm in height<br \/>\nBol (Bra\u010d)\/Bol<\/p>\n<p>2012<\/p>\n<p>St. Elijah the Prophet, 2012<br \/>\nBronze, about 300 cm high<br \/>\nSolin (studio in Ku\u010dine)\/Stolac (BH)<\/p>\n","protected":false},"excerpt":{"rendered":"<p>1980 Spring on Josipovac, 1980 Wood, about 200 cm high Krapina (sculpture symposium) 1982 Sixth Act, 1982 \u201cRosso di Verona\u201c stone; about 180 cm high Verona, Italy (symposium) 1986 Bust of Archbishop Mihovil Pu\u0161i\u0107, 1986 Bronze, about 60 cm high &hellip; <a href=\"http:\/\/kuzma-kovacic.from.hr\/?page_id=515\">Nastavi \u010ditati <span class=\"meta-nav\">&rarr;<\/span><\/a><\/p>\n","protected":false},"author":1627,"featured_media":0,"parent":0,"menu_order":0,"comment_status":"closed","ping_status":"closed","template":"","meta":{"ngg_post_thumbnail":0},"yoast_head":"<!-- This site is optimized with the Yoast SEO plugin v17.5 - https:\/\/yoast.com\/wordpress\/plugins\/seo\/ -->\n<meta name=\"robots\" content=\"index, follow, max-snippet:-1, max-image-preview:large, max-video-preview:-1\" \/>\n<link rel=\"canonical\" href=\"http:\/\/kuzma-kovacic.from.hr\/?page_id=515\" \/>\n<meta property=\"og:locale\" content=\"hr_HR\" \/>\n<meta property=\"og:type\" content=\"article\" \/>\n<meta property=\"og:title\" content=\"Public sculptures - Kuzma Kova\u010di\u0107\" \/>\n<meta property=\"og:description\" content=\"1980 Spring on Josipovac, 1980 Wood, about 200 cm high Krapina (sculpture symposium) 1982 Sixth Act, 1982 \u201cRosso di Verona\u201c stone; about 180 cm high Verona, Italy (symposium) 1986 Bust of Archbishop Mihovil Pu\u0161i\u0107, 1986 Bronze, about 60 cm high &hellip; Nastavi \u010ditati &rarr;\" \/>\n<meta property=\"og:url\" content=\"http:\/\/kuzma-kovacic.from.hr\/?page_id=515\" \/>\n<meta property=\"og:site_name\" content=\"Kuzma Kova\u010di\u0107\" \/>\n<meta property=\"article:modified_time\" content=\"2016-12-28T20:11:45+00:00\" \/>\n<meta name=\"twitter:card\" content=\"summary\" \/>\n<meta name=\"twitter:label1\" content=\"Procijenjeno vrijeme \u010ditanja\" \/>\n\t<meta name=\"twitter:data1\" content=\"8 minuta\" \/>\n<script type=\"application\/ld+json\" class=\"yoast-schema-graph\">{\"@context\":\"https:\/\/schema.org\",\"@graph\":[{\"@type\":\"WebSite\",\"@id\":\"http:\/\/kuzma-kovacic.from.hr\/#website\",\"url\":\"http:\/\/kuzma-kovacic.from.hr\/\",\"name\":\"Kuzma Kova\\u010di\\u0107\",\"description\":\"akademski kipar\",\"potentialAction\":[{\"@type\":\"SearchAction\",\"target\":{\"@type\":\"EntryPoint\",\"urlTemplate\":\"http:\/\/kuzma-kovacic.from.hr\/?s={search_term_string}\"},\"query-input\":\"required name=search_term_string\"}],\"inLanguage\":\"hr\"},{\"@type\":\"WebPage\",\"@id\":\"http:\/\/kuzma-kovacic.from.hr\/?page_id=515#webpage\",\"url\":\"http:\/\/kuzma-kovacic.from.hr\/?page_id=515\",\"name\":\"Public sculptures - Kuzma Kova\\u010di\\u0107\",\"isPartOf\":{\"@id\":\"http:\/\/kuzma-kovacic.from.hr\/#website\"},\"datePublished\":\"2016-12-28T19:38:51+00:00\",\"dateModified\":\"2016-12-28T20:11:45+00:00\",\"breadcrumb\":{\"@id\":\"http:\/\/kuzma-kovacic.from.hr\/?page_id=515#breadcrumb\"},\"inLanguage\":\"hr\",\"potentialAction\":[{\"@type\":\"ReadAction\",\"target\":[\"http:\/\/kuzma-kovacic.from.hr\/?page_id=515\"]}]},{\"@type\":\"BreadcrumbList\",\"@id\":\"http:\/\/kuzma-kovacic.from.hr\/?page_id=515#breadcrumb\",\"itemListElement\":[{\"@type\":\"ListItem\",\"position\":1,\"name\":\"Home\",\"item\":\"http:\/\/kuzma-kovacic.from.hr\/\"},{\"@type\":\"ListItem\",\"position\":2,\"name\":\"Public sculptures\"}]}]}<\/script>\n<!-- \/ Yoast SEO plugin. -->","yoast_head_json":{"robots":{"index":"index","follow":"follow","max-snippet":"max-snippet:-1","max-image-preview":"max-image-preview:large","max-video-preview":"max-video-preview:-1"},"canonical":"http:\/\/kuzma-kovacic.from.hr\/?page_id=515","og_locale":"hr_HR","og_type":"article","og_title":"Public sculptures - Kuzma Kova\u010di\u0107","og_description":"1980 Spring on Josipovac, 1980 Wood, about 200 cm high Krapina (sculpture symposium) 1982 Sixth Act, 1982 \u201cRosso di Verona\u201c stone; about 180 cm high Verona, Italy (symposium) 1986 Bust of Archbishop Mihovil Pu\u0161i\u0107, 1986 Bronze, about 60 cm high &hellip; Nastavi \u010ditati &rarr;","og_url":"http:\/\/kuzma-kovacic.from.hr\/?page_id=515","og_site_name":"Kuzma Kova\u010di\u0107","article_modified_time":"2016-12-28T20:11:45+00:00","twitter_card":"summary","twitter_misc":{"Procijenjeno vrijeme \u010ditanja":"8 minuta"},"schema":{"@context":"https:\/\/schema.org","@graph":[{"@type":"WebSite","@id":"http:\/\/kuzma-kovacic.from.hr\/#website","url":"http:\/\/kuzma-kovacic.from.hr\/","name":"Kuzma Kova\u010di\u0107","description":"akademski kipar","potentialAction":[{"@type":"SearchAction","target":{"@type":"EntryPoint","urlTemplate":"http:\/\/kuzma-kovacic.from.hr\/?s={search_term_string}"},"query-input":"required name=search_term_string"}],"inLanguage":"hr"},{"@type":"WebPage","@id":"http:\/\/kuzma-kovacic.from.hr\/?page_id=515#webpage","url":"http:\/\/kuzma-kovacic.from.hr\/?page_id=515","name":"Public sculptures - Kuzma Kova\u010di\u0107","isPartOf":{"@id":"http:\/\/kuzma-kovacic.from.hr\/#website"},"datePublished":"2016-12-28T19:38:51+00:00","dateModified":"2016-12-28T20:11:45+00:00","breadcrumb":{"@id":"http:\/\/kuzma-kovacic.from.hr\/?page_id=515#breadcrumb"},"inLanguage":"hr","potentialAction":[{"@type":"ReadAction","target":["http:\/\/kuzma-kovacic.from.hr\/?page_id=515"]}]},{"@type":"BreadcrumbList","@id":"http:\/\/kuzma-kovacic.from.hr\/?page_id=515#breadcrumb","itemListElement":[{"@type":"ListItem","position":1,"name":"Home","item":"http:\/\/kuzma-kovacic.from.hr\/"},{"@type":"ListItem","position":2,"name":"Public sculptures"}]}]}},"_links":{"self":[{"href":"http:\/\/kuzma-kovacic.from.hr\/index.php?rest_route=\/wp\/v2\/pages\/515"}],"collection":[{"href":"http:\/\/kuzma-kovacic.from.hr\/index.php?rest_route=\/wp\/v2\/pages"}],"about":[{"href":"http:\/\/kuzma-kovacic.from.hr\/index.php?rest_route=\/wp\/v2\/types\/page"}],"author":[{"embeddable":true,"href":"http:\/\/kuzma-kovacic.from.hr\/index.php?rest_route=\/wp\/v2\/users\/1627"}],"replies":[{"embeddable":true,"href":"http:\/\/kuzma-kovacic.from.hr\/index.php?rest_route=%2Fwp%2Fv2%2Fcomments&post=515"}],"version-history":[{"count":4,"href":"http:\/\/kuzma-kovacic.from.hr\/index.php?rest_route=\/wp\/v2\/pages\/515\/revisions"}],"predecessor-version":[{"id":520,"href":"http:\/\/kuzma-kovacic.from.hr\/index.php?rest_route=\/wp\/v2\/pages\/515\/revisions\/520"}],"wp:attachment":[{"href":"http:\/\/kuzma-kovacic.from.hr\/index.php?rest_route=%2Fwp%2Fv2%2Fmedia&parent=515"}],"curies":[{"name":"wp","href":"https:\/\/api.w.org\/{rel}","templated":true}]}}