{"id":39,"date":"2015-04-07T14:34:29","date_gmt":"2015-04-07T12:34:29","guid":{"rendered":"http:\/\/from.hr\/kuzma-kovacic\/?page_id=39"},"modified":"2016-12-27T09:33:35","modified_gmt":"2016-12-27T08:33:35","slug":"izlozbe-nagrade-i-priznanja","status":"publish","type":"page","link":"http:\/\/kuzma-kovacic.from.hr\/?page_id=39","title":{"rendered":"Izlo\u017ebe, nagrade i priznanja \/ Exhibitions, prizes and awards"},"content":{"rendered":"<h1><a href=\"http:\/\/kuzma-kovacic.from.hr\/?page_id=163\">Samostalne izlo\u017ebe \/ Solo exhibitions<\/a><\/h1>\n<h1><a href=\"http:\/\/kuzma-kovacic.from.hr\/?page_id=170\">Skupne izlo\u017ebe \/ Joint exhibitions<\/a><\/h1>\n<h1><a href=\"http:\/\/kuzma-kovacic.from.hr\/?page_id=173\">Nagrade i priznanja \/ Awards and prizes<\/a><\/h1>\n<p><strong><a href=\"http:\/\/kuzma-kovacic.from.hr\/?page_id=183\">Filmovi o\u00a0kiparu \/ Films about the sculptor<\/a><\/strong><\/p>\n","protected":false},"excerpt":{"rendered":"<p>Samostalne izlo\u017ebe \/ Solo exhibitions Skupne izlo\u017ebe \/ Joint exhibitions Nagrade i priznanja \/ Awards and prizes Filmovi o\u00a0kiparu \/ Films about the sculptor<\/p>\n","protected":false},"author":1627,"featured_media":0,"parent":0,"menu_order":3,"comment_status":"closed","ping_status":"closed","template":"","meta":{"ngg_post_thumbnail":0},"yoast_head":"<!-- This site is optimized with the Yoast SEO plugin v17.5 - https:\/\/yoast.com\/wordpress\/plugins\/seo\/ -->\n<meta name=\"robots\" content=\"index, follow, max-snippet:-1, max-image-preview:large, max-video-preview:-1\" \/>\n<link rel=\"canonical\" href=\"http:\/\/kuzma-kovacic.from.hr\/?page_id=39\" \/>\n<meta property=\"og:locale\" content=\"hr_HR\" \/>\n<meta property=\"og:type\" content=\"article\" \/>\n<meta property=\"og:title\" content=\"Izlo\u017ebe, nagrade i priznanja \/ Exhibitions, prizes and awards - Kuzma Kova\u010di\u0107\" \/>\n<meta property=\"og:description\" content=\"Samostalne izlo\u017ebe \/ Solo exhibitions Skupne izlo\u017ebe \/ Joint exhibitions Nagrade i priznanja \/ Awards and prizes Filmovi o\u00a0kiparu \/ Films about the sculptor\" \/>\n<meta property=\"og:url\" content=\"http:\/\/kuzma-kovacic.from.hr\/?page_id=39\" \/>\n<meta property=\"og:site_name\" content=\"Kuzma Kova\u010di\u0107\" \/>\n<meta property=\"article:modified_time\" content=\"2016-12-27T08:33:35+00:00\" \/>\n<meta name=\"twitter:card\" content=\"summary\" \/>\n<script type=\"application\/ld+json\" class=\"yoast-schema-graph\">{\"@context\":\"https:\/\/schema.org\",\"@graph\":[{\"@type\":\"WebSite\",\"@id\":\"http:\/\/kuzma-kovacic.from.hr\/#website\",\"url\":\"http:\/\/kuzma-kovacic.from.hr\/\",\"name\":\"Kuzma Kova\\u010di\\u0107\",\"description\":\"akademski kipar\",\"potentialAction\":[{\"@type\":\"SearchAction\",\"target\":{\"@type\":\"EntryPoint\",\"urlTemplate\":\"http:\/\/kuzma-kovacic.from.hr\/?s={search_term_string}\"},\"query-input\":\"required name=search_term_string\"}],\"inLanguage\":\"hr\"},{\"@type\":\"WebPage\",\"@id\":\"http:\/\/kuzma-kovacic.from.hr\/?page_id=39#webpage\",\"url\":\"http:\/\/kuzma-kovacic.from.hr\/?page_id=39\",\"name\":\"Izlo\\u017ebe, nagrade i priznanja \/ Exhibitions, prizes and awards - Kuzma Kova\\u010di\\u0107\",\"isPartOf\":{\"@id\":\"http:\/\/kuzma-kovacic.from.hr\/#website\"},\"datePublished\":\"2015-04-07T12:34:29+00:00\",\"dateModified\":\"2016-12-27T08:33:35+00:00\",\"breadcrumb\":{\"@id\":\"http:\/\/kuzma-kovacic.from.hr\/?page_id=39#breadcrumb\"},\"inLanguage\":\"hr\",\"potentialAction\":[{\"@type\":\"ReadAction\",\"target\":[\"http:\/\/kuzma-kovacic.from.hr\/?page_id=39\"]}]},{\"@type\":\"BreadcrumbList\",\"@id\":\"http:\/\/kuzma-kovacic.from.hr\/?page_id=39#breadcrumb\",\"itemListElement\":[{\"@type\":\"ListItem\",\"position\":1,\"name\":\"Home\",\"item\":\"http:\/\/kuzma-kovacic.from.hr\/\"},{\"@type\":\"ListItem\",\"position\":2,\"name\":\"Izlo\\u017ebe, nagrade i priznanja \/ Exhibitions, prizes and awards\"}]}]}<\/script>\n<!-- \/ Yoast SEO plugin. -->","yoast_head_json":{"robots":{"index":"index","follow":"follow","max-snippet":"max-snippet:-1","max-image-preview":"max-image-preview:large","max-video-preview":"max-video-preview:-1"},"canonical":"http:\/\/kuzma-kovacic.from.hr\/?page_id=39","og_locale":"hr_HR","og_type":"article","og_title":"Izlo\u017ebe, nagrade i priznanja \/ Exhibitions, prizes and awards - Kuzma Kova\u010di\u0107","og_description":"Samostalne izlo\u017ebe \/ Solo exhibitions Skupne izlo\u017ebe \/ Joint exhibitions Nagrade i priznanja \/ Awards and prizes Filmovi o\u00a0kiparu \/ Films about the sculptor","og_url":"http:\/\/kuzma-kovacic.from.hr\/?page_id=39","og_site_name":"Kuzma Kova\u010di\u0107","article_modified_time":"2016-12-27T08:33:35+00:00","twitter_card":"summary","schema":{"@context":"https:\/\/schema.org","@graph":[{"@type":"WebSite","@id":"http:\/\/kuzma-kovacic.from.hr\/#website","url":"http:\/\/kuzma-kovacic.from.hr\/","name":"Kuzma Kova\u010di\u0107","description":"akademski kipar","potentialAction":[{"@type":"SearchAction","target":{"@type":"EntryPoint","urlTemplate":"http:\/\/kuzma-kovacic.from.hr\/?s={search_term_string}"},"query-input":"required name=search_term_string"}],"inLanguage":"hr"},{"@type":"WebPage","@id":"http:\/\/kuzma-kovacic.from.hr\/?page_id=39#webpage","url":"http:\/\/kuzma-kovacic.from.hr\/?page_id=39","name":"Izlo\u017ebe, nagrade i priznanja \/ Exhibitions, prizes and awards - Kuzma Kova\u010di\u0107","isPartOf":{"@id":"http:\/\/kuzma-kovacic.from.hr\/#website"},"datePublished":"2015-04-07T12:34:29+00:00","dateModified":"2016-12-27T08:33:35+00:00","breadcrumb":{"@id":"http:\/\/kuzma-kovacic.from.hr\/?page_id=39#breadcrumb"},"inLanguage":"hr","potentialAction":[{"@type":"ReadAction","target":["http:\/\/kuzma-kovacic.from.hr\/?page_id=39"]}]},{"@type":"BreadcrumbList","@id":"http:\/\/kuzma-kovacic.from.hr\/?page_id=39#breadcrumb","itemListElement":[{"@type":"ListItem","position":1,"name":"Home","item":"http:\/\/kuzma-kovacic.from.hr\/"},{"@type":"ListItem","position":2,"name":"Izlo\u017ebe, nagrade i priznanja \/ Exhibitions, prizes and awards"}]}]}},"_links":{"self":[{"href":"http:\/\/kuzma-kovacic.from.hr\/index.php?rest_route=\/wp\/v2\/pages\/39"}],"collection":[{"href":"http:\/\/kuzma-kovacic.from.hr\/index.php?rest_route=\/wp\/v2\/pages"}],"about":[{"href":"http:\/\/kuzma-kovacic.from.hr\/index.php?rest_route=\/wp\/v2\/types\/page"}],"author":[{"embeddable":true,"href":"http:\/\/kuzma-kovacic.from.hr\/index.php?rest_route=\/wp\/v2\/users\/1627"}],"replies":[{"embeddable":true,"href":"http:\/\/kuzma-kovacic.from.hr\/index.php?rest_route=%2Fwp%2Fv2%2Fcomments&post=39"}],"version-history":[{"count":10,"href":"http:\/\/kuzma-kovacic.from.hr\/index.php?rest_route=\/wp\/v2\/pages\/39\/revisions"}],"predecessor-version":[{"id":384,"href":"http:\/\/kuzma-kovacic.from.hr\/index.php?rest_route=\/wp\/v2\/pages\/39\/revisions\/384"}],"wp:attachment":[{"href":"http:\/\/kuzma-kovacic.from.hr\/index.php?rest_route=%2Fwp%2Fv2%2Fmedia&parent=39"}],"curies":[{"name":"wp","href":"https:\/\/api.w.org\/{rel}","templated":true}]}}