{"id":2,"date":"2015-04-07T08:13:50","date_gmt":"2015-04-07T06:13:50","guid":{"rendered":"http:\/\/from.hr\/kuzma-kovacic\/?page_id=2"},"modified":"2020-11-18T16:32:13","modified_gmt":"2020-11-18T15:32:13","slug":"sample-page","status":"publish","type":"page","link":"http:\/\/kuzma-kovacic.from.hr\/","title":{"rendered":""},"content":{"rendered":"<p style=\"text-align: justify\">Hrvatski kipar Kuzma Kova\u010di\u0107 rodio se u Hvaru na istoimenom otoku 6. lipnja 1952. Diplomirao je kiparstvo na Akademiji likovnih umjetnosti u Zagrebu 1976. godine. Priredio je sedamdesetak samostalnih izlo\u017ebi te je sudjelovao na brojnim skupnim izlo\u017ebama u Hrvatskoj i inozemstvu, a 2013. godine prire\u0111ena je u Zagrebu i Splitu njegova velika retrospektivna izlo\u017eba.<br \/>\nDjela mu se nalaze u nacionalnim galerijama i muzejima te u Vatikanu. Tako\u0111er, autor je preko stotinu spomenika i sakralnih kiparskih djela postavljenih diljem domovine, me\u0111u kojima <em>Vratnice Hvarske katedrale<\/em> (1990.) i <em>Oltar Hvarske katedrale<\/em> (1993.),<em> Oltar hrvatske domovine<\/em> (Medvedgrad ponad Zagreba, 1994.),<em> Spomenik papi Ivanu Pavlu II.<\/em> (Selca na otoku Bra\u010du, 1996.), <em>Posljednja ve\u010dera<\/em> (Rama \u2013 \u0160\u0107it, 2000.), <em>Spomenik predsjedniku Franji Tu\u0111manu<\/em> (\u0160kabrnja, 2001.), <em>Spomenik bla\u017eenom Alojziju Stepincu<\/em> (Zagreb, 2006.), <em>Oltarni reljef \u201eSlava hrvatskih mu\u010denika\u201c<\/em> (Udbina, 2015.). Osim toga, oblikovao je kovani novac Republike Hrvatske \u2013 kune i lipe. Bavio se svim kiparskim vrstama i disciplinama, velikom i malom plastikom, reljefom, medaljom, spomeni\u010dkom i sakralnom skulpturom te se koristio brojnim kiparskim tvorivima.<br \/>\nDobitnik je mnogih nacionalnih nagrada i priznanja, nekoliko me\u0111unarodnih priznanja te triju hrvatskih dr\u017eavnih odli\u010dja.<br \/>\nMonografija o njegovu djelu, objavljena 2013., predstavljena je i u <em>Papinskom hrvatskom zavodu svetog Jeronima<\/em> u Rimu 2014. godine.<br \/>\nRedoviti je profesor kiparstva na Umjetni\u010dkoj akademiji Sveu\u010dili\u0161ta u Splitu te predaje na Katoli\u010dkom bogoslovnom fakultetu istoga Sveu\u010dili\u0161ta.<br \/>\nRedoviti je \u010dlan Hrvatske akademije znanosti i umjetnosti od 2020. godine (\u010dlan suradnik bio je od 2012.).<br \/>\nUsidren u duboku kulturnu pro\u0161lost i umjetni\u010dku tradiciju mediteranskoga zavi\u010daja, u nacionalno iskustvo i ba\u0161tinu, od po\u010detka svoga umjetni\u010dkoga djelovanja i kroz \u010ditav kiparski opus zala\u017ee se za obranu kiparstva i \u010duvanje svijesti o vrijednosti umjetni\u010dkoga stvarala\u0161tva, kao i za vra\u0107anje dostojanstva sakralnoj umjetnosti \u2013 za njihovu obnovu u suvremenom izri\u010daju. Oblikuju\u0107i skulpture nadahnute svojom kr\u0161\u0107anskom, katoli\u010dkom vjerom, kako one sakralne i spomeni\u010dke, tako i one lirskoga zna\u010daja, svojevrsne kiparske pjesme, zalo\u017eio se, tako\u0111er i javnom rije\u010dju, za slobodu vjere i slobodu svoga naroda.<\/p>\n<p style=\"text-align: justify\"><a href=\"http:\/\/kuzma-kovacic.from.hr\/files\/2015\/04\/48.jpg\"><img loading=\"lazy\" class=\"wp-image-132 size-medium aligncenter\" src=\"http:\/\/kuzma-kovacic.from.hr\/files\/2015\/04\/48-300x237.jpg\" alt=\"48\" width=\"300\" height=\"237\" srcset=\"http:\/\/kuzma-kovacic.from.hr\/files\/2015\/04\/48-300x237.jpg 300w, http:\/\/kuzma-kovacic.from.hr\/files\/2015\/04\/48-379x300.jpg 379w, http:\/\/kuzma-kovacic.from.hr\/files\/2015\/04\/48.jpg 607w\" sizes=\"(max-width: 300px) 100vw, 300px\" \/><\/a><\/p>\n<p style=\"text-align: justify\">Lo scultore croato Kuzma Kova\u010di\u0107 nasce a Hvar sull\u2019omonima isola il 6 giugno 1952. Nel 1976 consegue la laurea in scultura all\u2019Accademia di Belle Arti di Zagabria. Ha realizzato una settantina di mostre personali e ha partecipato a numerose mostre collettive in Croazia e all\u2019estero. Nel 2013 viene organizzata a Zagabria e Spalato la sua grande mostra retrospettiva.<\/p>\n<p style=\"text-align: justify\">Le sue opere si trovano in gallerie e musei nazionali e in Vaticano. \u00c8, inoltre, autore di pi\u00f9 di un centinaio di monumenti e opere scultoree sacre che si trovano in diverse parti del paese, tra cui vanno annoverate le seguenti: <em>Porta della Cattedrale di Hvar<\/em> (1990), <em>Altare<\/em> <em>della Cattedrale di Hvar<\/em> (1993), <em>Altare della patria croata<\/em> (Medvedgrad sovrastante Zagreb, 1994), <em>Monumento a papa Giovanni Paolo II<\/em> (Selca sull\u2019isola di Bra\u010d, 1996), <em>Ultima cena<\/em> (Rama &#8211; \u0160\u0107it, 2000), <em>Monumento al presidente Franjo Tu\u0111man<\/em> (\u0160kabrnja, 2001), <em>Monumento al beato Alojzije Stepinac<\/em> (Zagreb, 2006), rilievo d\u2019altare <em>Gloria dei martiri croati<\/em> (Udbina, 2015). Ha, tra l\u2019altro, ideato anche le <em>kune <\/em>e le <em>lipe<\/em>, monete della valuta della Repubblica di Croazia. Si \u00e8 occupato di tutti i tipi e discipline di scultura quali plastica grande e piccola, rilievo, medaglie, scultura monumentale e sacra utilizzando numerosi materiali scultorei.<br \/>\nFinora gli sono stati conferiti numerosi premi e riconoscimenti tra i quali anche tre onorificenze di stato.<br \/>\nLa monografia sulla sua opera artistica, pubblicata nel 2013, \u00e8 stata presentata nel 2014 anche nel Pontificio Collegio Croato di San Girolamo a Roma.<br \/>\n\u00c8 professore ordinario all\u2019Accademia delle Arti dell\u2019Universit\u00e0 di Spalato e insegna anche alla Facolt\u00e0 di Teologia Cattolica della stessa Universit\u00e0.<br \/>\n\u00c8 membro associato dell\u2019Accademia Croata delle Scienze e delle Arti dal 2012.<br \/>\nKova\u010di\u0107 \u00e8 legato da un profondo attaccamento alla storia culturale e alla tradizione artistica dell\u2019ambiente mediterraneo, ai valori e al patrimonio nazionali. Fin dagli inizi della sua attivit\u00e0, e a seguire attraverso l\u2019intera produzione artistica, si adopera a favore della scultura e della conservazione della consapevolezza sul valore della creazione artistica e si impegna nel &nbsp;ripristino della dignit\u00e0 all\u2019arte sacra affinch\u00e9 possano portare ad un rinnovamento nell\u2019espressione contemporanea. Attraverso la creazione di sculture ispirate alla propria fede cristiana e cattolica, siano esse opere sacre, monumenti o sculture con un carattere lirico, l\u2019artista ha espresso pubblicamente la propria convinzione sulla libert\u00e0 della fede e del proprio popolo.<\/p>\n<p style=\"text-align: justify\"><a href=\"http:\/\/kuzma-kovacic.from.hr\/files\/2015\/04\/short-biography.jpg\"><img loading=\"lazy\" class=\"wp-image-138 aligncenter\" src=\"http:\/\/kuzma-kovacic.from.hr\/files\/2015\/04\/58.jpg\" alt=\"58\" width=\"277\" height=\"354\"><\/a><\/p>\n<p style=\"text-align: justify\"><a href=\"http:\/\/kuzma-kovacic.from.hr\/files\/2015\/04\/short-biography.jpg\"><img loading=\"lazy\" class=\"alignnone size-full wp-image-160\" src=\"http:\/\/kuzma-kovacic.from.hr\/files\/2015\/04\/short-biography.jpg\" alt=\"short biography\" width=\"633\" height=\"891\" srcset=\"http:\/\/kuzma-kovacic.from.hr\/files\/2015\/04\/short-biography.jpg 633w, http:\/\/kuzma-kovacic.from.hr\/files\/2015\/04\/short-biography-213x300.jpg 213w\" sizes=\"(max-width: 633px) 100vw, 633px\" \/><\/a><\/p>\n<p style=\"text-align: justify\"><a href=\"http:\/\/kuzma-kovacic.from.hr\/files\/2015\/04\/2-C.jpg\"><img loading=\"lazy\" class=\"wp-image-139 aligncenter\" src=\"http:\/\/kuzma-kovacic.from.hr\/files\/2015\/04\/2-C.jpg\" alt=\"2 C\" width=\"334\" height=\"493\"><\/a><\/p>\n<p style=\"text-align: justify\"><img loading=\"lazy\" class=\"wp-image-137 aligncenter\" src=\"http:\/\/kuzma-kovacic.from.hr\/files\/2015\/04\/3-b.jpg\" alt=\"3 b\" width=\"238\" height=\"220\" srcset=\"http:\/\/kuzma-kovacic.from.hr\/files\/2015\/04\/3-b.jpg 500w, http:\/\/kuzma-kovacic.from.hr\/files\/2015\/04\/3-b-300x276.jpg 300w, http:\/\/kuzma-kovacic.from.hr\/files\/2015\/04\/3-b-326x300.jpg 326w\" sizes=\"(max-width: 238px) 100vw, 238px\" \/><\/p>\n","protected":false},"excerpt":{"rendered":"<p>Hrvatski kipar Kuzma Kova\u010di\u0107 rodio se u Hvaru na istoimenom otoku 6. lipnja 1952. Diplomirao je kiparstvo na Akademiji likovnih umjetnosti u Zagrebu 1976. godine. Priredio je sedamdesetak samostalnih izlo\u017ebi te je sudjelovao na brojnim skupnim izlo\u017ebama u Hrvatskoj i &hellip; <a href=\"http:\/\/kuzma-kovacic.from.hr\/\">Nastavi \u010ditati <span class=\"meta-nav\">&rarr;<\/span><\/a><\/p>\n","protected":false},"author":1627,"featured_media":0,"parent":0,"menu_order":0,"comment_status":"open","ping_status":"closed","template":"","meta":{"ngg_post_thumbnail":0},"yoast_head":"<!-- This site is optimized with the Yoast SEO plugin v17.5 - https:\/\/yoast.com\/wordpress\/plugins\/seo\/ -->\n<meta name=\"robots\" content=\"index, follow, max-snippet:-1, max-image-preview:large, max-video-preview:-1\" \/>\n<link rel=\"canonical\" href=\"http:\/\/kuzma-kovacic.from.hr\/\" \/>\n<meta property=\"og:locale\" content=\"hr_HR\" \/>\n<meta property=\"og:type\" content=\"article\" \/>\n<meta property=\"og:title\" content=\"- Kuzma Kova\u010di\u0107\" \/>\n<meta property=\"og:description\" content=\"Hrvatski kipar Kuzma Kova\u010di\u0107 rodio se u Hvaru na istoimenom otoku 6. lipnja 1952. Diplomirao je kiparstvo na Akademiji likovnih umjetnosti u Zagrebu 1976. godine. Priredio je sedamdesetak samostalnih izlo\u017ebi te je sudjelovao na brojnim skupnim izlo\u017ebama u Hrvatskoj i &hellip; Nastavi \u010ditati &rarr;\" \/>\n<meta property=\"og:url\" content=\"http:\/\/kuzma-kovacic.from.hr\/\" \/>\n<meta property=\"og:site_name\" content=\"Kuzma Kova\u010di\u0107\" \/>\n<meta property=\"article:modified_time\" content=\"2020-11-18T15:32:13+00:00\" \/>\n<meta property=\"og:image\" content=\"http:\/\/kuzma-kovacic.from.hr\/files\/2015\/04\/48-300x237.jpg\" \/>\n<meta name=\"twitter:card\" content=\"summary\" \/>\n<meta name=\"twitter:label1\" content=\"Procijenjeno vrijeme \u010ditanja\" \/>\n\t<meta name=\"twitter:data1\" content=\"4 minute\" \/>\n<script type=\"application\/ld+json\" class=\"yoast-schema-graph\">{\"@context\":\"https:\/\/schema.org\",\"@graph\":[{\"@type\":\"WebSite\",\"@id\":\"http:\/\/kuzma-kovacic.from.hr\/#website\",\"url\":\"http:\/\/kuzma-kovacic.from.hr\/\",\"name\":\"Kuzma Kova\\u010di\\u0107\",\"description\":\"akademski kipar\",\"potentialAction\":[{\"@type\":\"SearchAction\",\"target\":{\"@type\":\"EntryPoint\",\"urlTemplate\":\"http:\/\/kuzma-kovacic.from.hr\/?s={search_term_string}\"},\"query-input\":\"required name=search_term_string\"}],\"inLanguage\":\"hr\"},{\"@type\":\"ImageObject\",\"@id\":\"http:\/\/kuzma-kovacic.from.hr\/#primaryimage\",\"inLanguage\":\"hr\",\"url\":\"http:\/\/kuzma-kovacic.from.hr\/files\/2015\/04\/48-300x237.jpg\",\"contentUrl\":\"http:\/\/kuzma-kovacic.from.hr\/files\/2015\/04\/48-300x237.jpg\"},{\"@type\":\"WebPage\",\"@id\":\"http:\/\/kuzma-kovacic.from.hr\/#webpage\",\"url\":\"http:\/\/kuzma-kovacic.from.hr\/\",\"name\":\"- Kuzma Kova\\u010di\\u0107\",\"isPartOf\":{\"@id\":\"http:\/\/kuzma-kovacic.from.hr\/#website\"},\"primaryImageOfPage\":{\"@id\":\"http:\/\/kuzma-kovacic.from.hr\/#primaryimage\"},\"datePublished\":\"2015-04-07T06:13:50+00:00\",\"dateModified\":\"2020-11-18T15:32:13+00:00\",\"breadcrumb\":{\"@id\":\"http:\/\/kuzma-kovacic.from.hr\/#breadcrumb\"},\"inLanguage\":\"hr\",\"potentialAction\":[{\"@type\":\"ReadAction\",\"target\":[\"http:\/\/kuzma-kovacic.from.hr\/\"]}]},{\"@type\":\"BreadcrumbList\",\"@id\":\"http:\/\/kuzma-kovacic.from.hr\/#breadcrumb\",\"itemListElement\":[{\"@type\":\"ListItem\",\"position\":1,\"name\":\"Home\",\"item\":\"http:\/\/kuzma-kovacic.from.hr\/\"},{\"@type\":\"ListItem\",\"position\":2,\"name\":\"\"}]}]}<\/script>\n<!-- \/ Yoast SEO plugin. -->","yoast_head_json":{"robots":{"index":"index","follow":"follow","max-snippet":"max-snippet:-1","max-image-preview":"max-image-preview:large","max-video-preview":"max-video-preview:-1"},"canonical":"http:\/\/kuzma-kovacic.from.hr\/","og_locale":"hr_HR","og_type":"article","og_title":"- Kuzma Kova\u010di\u0107","og_description":"Hrvatski kipar Kuzma Kova\u010di\u0107 rodio se u Hvaru na istoimenom otoku 6. lipnja 1952. Diplomirao je kiparstvo na Akademiji likovnih umjetnosti u Zagrebu 1976. godine. Priredio je sedamdesetak samostalnih izlo\u017ebi te je sudjelovao na brojnim skupnim izlo\u017ebama u Hrvatskoj i &hellip; Nastavi \u010ditati &rarr;","og_url":"http:\/\/kuzma-kovacic.from.hr\/","og_site_name":"Kuzma Kova\u010di\u0107","article_modified_time":"2020-11-18T15:32:13+00:00","og_image":[{"url":"http:\/\/kuzma-kovacic.from.hr\/files\/2015\/04\/48-300x237.jpg"}],"twitter_card":"summary","twitter_misc":{"Procijenjeno vrijeme \u010ditanja":"4 minute"},"schema":{"@context":"https:\/\/schema.org","@graph":[{"@type":"WebSite","@id":"http:\/\/kuzma-kovacic.from.hr\/#website","url":"http:\/\/kuzma-kovacic.from.hr\/","name":"Kuzma Kova\u010di\u0107","description":"akademski kipar","potentialAction":[{"@type":"SearchAction","target":{"@type":"EntryPoint","urlTemplate":"http:\/\/kuzma-kovacic.from.hr\/?s={search_term_string}"},"query-input":"required name=search_term_string"}],"inLanguage":"hr"},{"@type":"ImageObject","@id":"http:\/\/kuzma-kovacic.from.hr\/#primaryimage","inLanguage":"hr","url":"http:\/\/kuzma-kovacic.from.hr\/files\/2015\/04\/48-300x237.jpg","contentUrl":"http:\/\/kuzma-kovacic.from.hr\/files\/2015\/04\/48-300x237.jpg"},{"@type":"WebPage","@id":"http:\/\/kuzma-kovacic.from.hr\/#webpage","url":"http:\/\/kuzma-kovacic.from.hr\/","name":"- Kuzma Kova\u010di\u0107","isPartOf":{"@id":"http:\/\/kuzma-kovacic.from.hr\/#website"},"primaryImageOfPage":{"@id":"http:\/\/kuzma-kovacic.from.hr\/#primaryimage"},"datePublished":"2015-04-07T06:13:50+00:00","dateModified":"2020-11-18T15:32:13+00:00","breadcrumb":{"@id":"http:\/\/kuzma-kovacic.from.hr\/#breadcrumb"},"inLanguage":"hr","potentialAction":[{"@type":"ReadAction","target":["http:\/\/kuzma-kovacic.from.hr\/"]}]},{"@type":"BreadcrumbList","@id":"http:\/\/kuzma-kovacic.from.hr\/#breadcrumb","itemListElement":[{"@type":"ListItem","position":1,"name":"Home","item":"http:\/\/kuzma-kovacic.from.hr\/"},{"@type":"ListItem","position":2,"name":""}]}]}},"_links":{"self":[{"href":"http:\/\/kuzma-kovacic.from.hr\/index.php?rest_route=\/wp\/v2\/pages\/2"}],"collection":[{"href":"http:\/\/kuzma-kovacic.from.hr\/index.php?rest_route=\/wp\/v2\/pages"}],"about":[{"href":"http:\/\/kuzma-kovacic.from.hr\/index.php?rest_route=\/wp\/v2\/types\/page"}],"author":[{"embeddable":true,"href":"http:\/\/kuzma-kovacic.from.hr\/index.php?rest_route=\/wp\/v2\/users\/1627"}],"replies":[{"embeddable":true,"href":"http:\/\/kuzma-kovacic.from.hr\/index.php?rest_route=%2Fwp%2Fv2%2Fcomments&post=2"}],"version-history":[{"count":36,"href":"http:\/\/kuzma-kovacic.from.hr\/index.php?rest_route=\/wp\/v2\/pages\/2\/revisions"}],"predecessor-version":[{"id":604,"href":"http:\/\/kuzma-kovacic.from.hr\/index.php?rest_route=\/wp\/v2\/pages\/2\/revisions\/604"}],"wp:attachment":[{"href":"http:\/\/kuzma-kovacic.from.hr\/index.php?rest_route=%2Fwp%2Fv2%2Fmedia&parent=2"}],"curies":[{"name":"wp","href":"https:\/\/api.w.org\/{rel}","templated":true}]}}